{"id":1172,"date":"2020-04-24T15:01:42","date_gmt":"2020-04-24T13:01:42","guid":{"rendered":"https:\/\/palextrafoggia.com\/iomiallenoacasa\/?post_type=product&#038;p=1172"},"modified":"2020-07-14T19:14:00","modified_gmt":"2020-07-14T17:14:00","slug":"body-weight-workout","status":"publish","type":"product","link":"https:\/\/palextrafoggia.com\/iomiallenoacasa\/corso\/body-weight-workout\/","title":{"rendered":"Body Weight Workout"},"content":{"rendered":"","protected":false},"excerpt":{"rendered":"<p>Bodyweight Workout \u00e8 un <strong>allenamento a corpo libero<\/strong> e con piccoli attrezzi casalinghi in cui il proprio peso corporeo la far\u00e0 da padrone .<br \/>\nIl corso \u00e8 rivolto a tutti quelli che ricercano <strong>grandi stimoli<\/strong> per il proprio <strong>corpo<\/strong> e la propria <strong>muscolatura<\/strong>.<br \/>\nAttraverso varie metodologie di allenamento (<strong>GAG<\/strong>, <strong>AMRAP<\/strong>, <strong>EMOM<\/strong>, <strong>CIRCUIT<\/strong>) il risultato \u00e8 assicurato.<\/p>\n","protected":false},"featured_media":1014,"template":"","meta":[],"yoast_head":"<!-- This site is optimized with the Yoast SEO plugin v14.0.4 - https:\/\/yoast.com\/wordpress\/plugins\/seo\/ -->\n<title>Body Weight Workout - Palextra4.0<\/title>\n<meta name=\"robots\" content=\"index, follow\" \/>\n<meta name=\"googlebot\" content=\"index, follow, max-snippet:-1, max-image-preview:large, max-video-preview:-1\" \/>\n<meta name=\"bingbot\" content=\"index, follow, max-snippet:-1, max-image-preview:large, max-video-preview:-1\" \/>\n<link rel=\"canonical\" href=\"https:\/\/palextrafoggia.com\/iomiallenoacasa\/corso\/body-weight-workout\/\" \/>\n<meta property=\"og:locale\" content=\"it_IT\" \/>\n<meta property=\"og:type\" content=\"article\" \/>\n<meta property=\"og:title\" content=\"Body Weight Workout - Palextra4.0\" \/>\n<meta property=\"og:description\" content=\"Bodyweight Workout \u00e8 un allenamento a corpo libero e con piccoli attrezzi casalinghi in cui il proprio peso corporeo la far\u00e0 da padrone . Il corso \u00e8 rivolto a tutti quelli che ricercano grandi stimoli per il proprio corpo e la propria muscolatura. Attraverso varie metodologie di allenamento (GAG, AMRAP, EMOM, CIRCUIT) il risultato \u00e8 assicurato.\" \/>\n<meta property=\"og:url\" content=\"https:\/\/palextrafoggia.com\/iomiallenoacasa\/corso\/body-weight-workout\/\" \/>\n<meta property=\"og:site_name\" content=\"Palextra4.0\" \/>\n<meta property=\"article:publisher\" content=\"https:\/\/www.facebook.com\/palextra.foggia\/\" \/>\n<meta property=\"article:modified_time\" content=\"2020-07-14T17:14:00+00:00\" \/>\n<meta property=\"og:image\" content=\"https:\/\/palextrafoggia.com\/iomiallenoacasa\/wp-content\/uploads\/2020\/04\/BodyWeight.jpg\" \/>\n\t<meta property=\"og:image:width\" content=\"1080\" \/>\n\t<meta property=\"og:image:height\" content=\"1080\" \/>\n<meta name=\"twitter:card\" content=\"summary_large_image\" \/>\n<meta name=\"twitter:creator\" content=\"@palextrafg\" \/>\n<meta name=\"twitter:site\" content=\"@palextrafg\" \/>\n<script type=\"application\/ld+json\" class=\"yoast-schema-graph\">{\"@context\":\"https:\/\/schema.org\",\"@graph\":[{\"@type\":\"WebSite\",\"@id\":\"https:\/\/palextrafoggia.com\/iomiallenoacasa\/#website\",\"url\":\"https:\/\/palextrafoggia.com\/iomiallenoacasa\/\",\"name\":\"Palextra4.0\",\"description\":\"#iomiallenoacasa\",\"potentialAction\":[{\"@type\":\"SearchAction\",\"target\":\"https:\/\/palextrafoggia.com\/iomiallenoacasa\/?s={search_term_string}\",\"query-input\":\"required name=search_term_string\"}],\"inLanguage\":\"it-IT\"},{\"@type\":\"ImageObject\",\"@id\":\"https:\/\/palextrafoggia.com\/iomiallenoacasa\/corso\/body-weight-workout\/#primaryimage\",\"inLanguage\":\"it-IT\",\"url\":\"https:\/\/palextrafoggia.com\/iomiallenoacasa\/wp-content\/uploads\/2020\/04\/BodyWeight.jpg\",\"width\":1080,\"height\":1080},{\"@type\":\"WebPage\",\"@id\":\"https:\/\/palextrafoggia.com\/iomiallenoacasa\/corso\/body-weight-workout\/#webpage\",\"url\":\"https:\/\/palextrafoggia.com\/iomiallenoacasa\/corso\/body-weight-workout\/\",\"name\":\"Body Weight Workout - Palextra4.0\",\"isPartOf\":{\"@id\":\"https:\/\/palextrafoggia.com\/iomiallenoacasa\/#website\"},\"primaryImageOfPage\":{\"@id\":\"https:\/\/palextrafoggia.com\/iomiallenoacasa\/corso\/body-weight-workout\/#primaryimage\"},\"datePublished\":\"2020-04-24T13:01:42+00:00\",\"dateModified\":\"2020-07-14T17:14:00+00:00\",\"inLanguage\":\"it-IT\",\"potentialAction\":[{\"@type\":\"ReadAction\",\"target\":[\"https:\/\/palextrafoggia.com\/iomiallenoacasa\/corso\/body-weight-workout\/\"]}]}]}<\/script>\n<!-- \/ Yoast SEO plugin. -->","_links":{"self":[{"href":"https:\/\/palextrafoggia.com\/iomiallenoacasa\/wp-json\/wp\/v2\/product\/1172"}],"collection":[{"href":"https:\/\/palextrafoggia.com\/iomiallenoacasa\/wp-json\/wp\/v2\/product"}],"about":[{"href":"https:\/\/palextrafoggia.com\/iomiallenoacasa\/wp-json\/wp\/v2\/types\/product"}],"wp:featuredmedia":[{"embeddable":true,"href":"https:\/\/palextrafoggia.com\/iomiallenoacasa\/wp-json\/wp\/v2\/media\/1014"}],"wp:attachment":[{"href":"https:\/\/palextrafoggia.com\/iomiallenoacasa\/wp-json\/wp\/v2\/media?parent=1172"}],"curies":[{"name":"wp","href":"https:\/\/api.w.org\/{rel}","templated":true}]}}