{"id":3,"date":"2020-04-17T08:00:56","date_gmt":"2020-04-17T08:00:56","guid":{"rendered":"https:\/\/test.netplanet.it\/iomiallenoacasa\/?page_id=3"},"modified":"2020-04-22T15:46:53","modified_gmt":"2020-04-22T13:46:53","slug":"privacy-policy","status":"publish","type":"page","link":"https:\/\/palextrafoggia.com\/iomiallenoacasa\/privacy-policy\/","title":{"rendered":"Privacy Policy"},"content":{"rendered":"<section  class='av_textblock_section av-k9be57yf-5d9614522de07e458a80a46ea09dec6c'  itemscope=\"itemscope\" itemtype=\"https:\/\/schema.org\/CreativeWork\" ><div class='avia_textblock'  itemprop=\"text\" ><h2 class=\"h4 pi-weight-700 pi-uppercase pi-letter-spacing pi-has-bg pi-margin-bottom-20 pi-margin-top-minus-5\">TRATTAMENTO DEI DATI PERSONALI<br \/>\nAi sensi dell\u2019art. 13 regolamento 2016\/679<\/h2>\n<p><strong>INFORMATIVA CLIENTI IN MATERIA DI PROTEZIONE DEI DATI PERSONALI\u00a0&#8211; Ai sensi dell\u2019art. 13 regolamento 2016\/679<br \/>\n<\/strong>In osservanza di quanto previsto ai sensi e per gli effetti dell\u2019art. 13 del regolamento 2016\/679, il Titolare informa gli utenti su quali siano le finalit\u00e0 e modalit\u00e0 del trattamento dei dati personali raccolti, il loro ambito di comunicazione e diffusione, oltre alla natura del loro conferimento.<\/p>\n<p><strong>Premessa<\/strong><br \/>\nForma Fitness s.s.d.a.r.l., nello svolgimento della propria attivit\u00e0, pone la massima attenzione alla riservatezza e alla sicurezza delle informazioni raccolte dai propri utenti. Forma Fitness s.s.d.a.r.l., nel riconoscere l\u2019importanza di tutelare tutti i dati relativi dei propri utenti, siano essi di natura strettamente personale (es. dati identificativi) o di natura finanziaria (es. numero carta di credito), si impegna a tutelare i dati personali dei propri utenti e\/o dei soggetto con cui entra in contatto, nel pieno rispetto del regolamento 2016\/679. Per questo, Forma Fitness s.s.d.a.r.l. garantisce l\u2019adozione di specifiche procedure e di idonee misure di sicurezza al fine di proteggere nel modo migliore i dati in suo possesso.<br \/>\nForma Fitness s.s.d.a.r.l. si riserva il diritto di modificare la propria Privacy Policy e, conseguentemente la presente informativa. Gli aggiornamenti saranno pubblicati su questo stesso sito. Vi consigliamo pertanto di consultare periodicamente la presente pagina web. La presente Privacy Policy si applica a tutti i dati personali raccolti, conservati o utilizzati da Forma Fitness s.s.d.a.r.l. in Italia.<br \/>\n1. Finalit\u00e0 I dati raccolti presso gli utenti, oggetto del trattamento, sono trattati ed utilizzati direttamente per adempiere a finalit\u00e0 strumentali al compimento dell\u2019attivit\u00e0 quali:<br \/>\na) verificare la completezza, la validit\u00e0 e correttezza dei dati forniti, anche al fine di evitare truffe informatiche;<br \/>\nb) gestire la corrispondenza, le comunicazioni e segnalazioni di servizio con Lei;<br \/>\nInoltre, Forma Fitness s.s.d.a.r.l. pu\u00f2 utilizzare i dati che La riguardano, previo Suo necessario ed esplicito consenso, per le finalit\u00e0 funzionali alle attivit\u00e0 di seguito elencate:<\/p>\n<p><strong>1. Invio materiale pubblicitario\/promozionale<\/strong><br \/>\nUtilizzo dei dati per l\u2019invio, di attivit\u00e0 di direct mailing e direct e-mailing al fine di inviarle avvisi relativi alle nostre attivit\u00e0 e per fornirle servizi ulteriori e personalizzati;<br \/>\nUtilizzo dei dati per l\u2019invio, di attivit\u00e0 di direct mailing e direct e-mailing con finalit\u00e0 commerciali o pubblicitarie dei servizi promossi da Forma Fitness s.s.d.a.r.l.<\/p>\n<p><strong>2. Modalit\u00e0<\/strong><br \/>\nIl trattamento dei dati \u00e8 eseguito attraverso procedure informatiche o comunque mezzi telematici o supporti cartacei ad opera di soggetti interni e\/o esterni appositamente incaricati. I dati sono conservati in archivi cartacei, informatici e telematici e sono assicurate le misure minime di sicurezza previste dal legislatore.<\/p>\n<p><strong>3. Comunicazione e diffusione<\/strong><br \/>\nI dati personali non saranno comunicati, venduti o scambiati con soggetti terzi, salvo eventuali comunicazioni a terzi per lo svolgimento di attivit\u00e0 funzionali alla struttura e salvo ci\u00f2 sia indispensabile al fine di esecuzione degli obblighi assunti dalle parti. In tal caso l\u2019utilizzo da parte dei terzi avverr\u00e0 nel completo rispetto del principio della correttezza e delle disposizioni di legge.<\/p>\n<p><strong>4. Collegamento ad altri siti<\/strong><br \/>\nLa presente informativa \u00e8 resa per il sito www.palextrafoggia.com;<br \/>\nIl Titolare del trattamento non \u00e8 responsabile per altri siti web eventualmente consultati dall\u2019utente tramite link di collegamento.<br \/>\nForma Fitness s.s.d.a.r.l. non pu\u00f2 essere ritenuta responsabile dei dati personali forniti dagli utenti a soggetti esterni o a eventuali siti web collegati al presente sito.<\/p>\n<p><strong>5. Esercizio dei diritti<\/strong><br \/>\nLa informiamo che pu\u00f2 far valere i Suoi diritti come espressi dagli art. 15, 16, 17 e 21 del 2016\/679, rivolgendosi direttamente al Responsabile del trattamento o, per il suo tramite, al Titolare del trattamento.<br \/>\nIn particolare, l\u2019interessato potr\u00e0 ottenere la conferma dell\u2019esistenza o meno di dati personali che lo riguardano, anche se non ancora registrati, e la loro comunicazione in forma intelligibile, su<br \/>\na) l\u2019origine dei dati personali;<br \/>\nb) le finalit\u00e0 e modalit\u00e0 del trattamento;<br \/>\nc) la logica applicata in caso di trattamento effettuato con l\u2019ausilio di strumenti elettronici;<br \/>\nd) gli estremi identificativi del Titolare, dei Responsabili e\/o del rappresentante designato;<br \/>\ne) i soggetti o le categorie di soggetti ai quali i dati personali possono essere comunicati o che possono venirne a conoscenza in qualit\u00e0 di rappresentante designato nel territorio dello Stato, di Responsabili o incaricati.<br \/>\nL\u2019interessato ha il diritto di ottenere:<br \/>\na) l\u2019aggiornamento, la rettificazione ovvero, quando vi ha interesse, l\u2019integrazione dei dati;<br \/>\nb) la cancellazione, la trasformazione in forma anonima o il blocco dei dati trattati in violazione di legge, compresi quelli di cui non \u00e8 necessaria la conservazione in relazione agli scopi per i quali i dati sono stati raccolti o successivamente trattati;<br \/>\nc) l\u2019attestazione che le operazioni di cui alle lettere a) e b) sono state portate a conoscenza, anche per quanto riguarda il loro contenuto, di coloro ai quali i dati sono stati comunicati o diffusi, eccettuato il caso in cui tale adempimento si rivela impossibile o comporta un impiego di mezzi manifestamente sproporzionato rispetto al diritto tutelato.<br \/>\nL\u2019interessato ha il diritto di opporsi, in tutto o in parte:<br \/>\na) per motivi legittimi al trattamento dei dati personali che lo riguardano, ancorch\u00e9 pertinenti allo scopo della raccolta;<br \/>\nb) al trattamento di dati personali che lo riguardano a fini di invio di materiale pubblicitario o di vendita diretta o per il compimento di ricerche di mercato o di comunicazione commerciale.<br \/>\nPer esercitare i diritti previsti all\u2019artt. 15, 16, 17 e 21 2016\/679 dovr\u00e0 scrivere a Forma Fitness s.s.d.a.r.l. presso la sede operativa diVia Guglielmi, 84\/120 &#8211; 71121 Foggia.<\/p>\n<p><strong>6. Titolare e responsabili<\/strong><br \/>\nTitolare del trattamento \u00e8 Forma Fitness s.s.d.a.r.l.<br \/>\nLa lista aggiornata dei responsabili interni dei trattamenti potr\u00e0 essere consultata al seguente recapito:<br \/>\nVia Guglielmi, 84\/120 &#8211; 71121 Foggia<\/p>\n<p><strong>7. Termini di conservazione<\/strong><br \/>\nI dati saranno conservati e trattati per tutta la durata dei rapporti instaurati ed anche successivamente per l\u2019espletamento delle finalit\u00e0 commerciali e nel rispetto delle norme di legge.<\/p>\n<p><strong>8. Natura del conferimento e conseguenze del rifiuto a rispondere<\/strong><br \/>\nIl conferimento dei dati \u00e8 necessario per poter dare seguito alle Sue richieste tra una o pi\u00f9 Finalit\u00e0 di cui al punto 1) e per verificare la completezza, la validit\u00e0 e la correttezza dei dati forniti.<br \/>\nUn rifiuto alla dazione del dato comporter\u00e0 obbligatoriamente la cessazione di ogni qualsivoglia rapporto non consentendo il trattamento dei dati.<br \/>\nIl conferimento dei dati per le restanti finalit\u00e0, quali invio materiale pubblicitario\/promozionale, di cui al precedente punto 1) \u00e8 facoltativo: un Suo eventuale rifiuto comporter\u00e0 l\u2019impossibilit\u00e0 per Forma Fitness s.s.d.a.r.l. di dare seguito alle relative attivit\u00e0.<\/p>\n<p>======================<\/p>\n<p><strong>Cookies<\/strong><\/p>\n<p>Gli applicativi software utilizzati possono contenere la tecnologia \u201c<em>cookie<\/em>\u201d. I\u00a0<em>cookies<\/em>\u00a0hanno principalmente la funzione di agevolare la navigazione da parte dell\u2019utente. I\u00a0<em>cookies<\/em>\u00a0potranno fornire informazioni sulla navigazione all\u2019interno del Sito e permettere il funzionamento di alcuni servizi che richiedono l\u2019identificazione del percorso dell\u2019utente attraverso diverse pagine del Sito. I\u00a0<em>cookies<\/em>\u00a0presenti negli applicativi\u00a0<em>software<\/em>\u00a0utilizzati sono di tipo anonimo e non sono riconducibili ai dati personali dell\u2019utente. Per qualsiasi accesso al portale indipendentemente dalla presenza di un\u00a0<em>cookie<\/em>, vengono registrati il tipo di\u00a0<em>browser<\/em>\u00a0(es.\u00a0<em>Internet Explorer, Netscape<\/em>), il sistema operativo (es.\u00a0<em>Macintosh, Windows<\/em>), l\u2019host e l\u2019URL di provenienza del visitatore, oltre ai dati sulla pagina richiesta. L\u2019utente ha comunque modo di impostare il proprio\u00a0<em>browser<\/em>\u00a0in modo da essere informato quando ricevete un\u00a0<em>cookie<\/em>\u00a0e decidere in questo modo di eliminarlo. Ulteriori informazioni sui\u00a0<em>cookies<\/em>\u00a0sono reperibili sui siti\u00a0<em>web<\/em>\u00a0dei forniti di\u00a0<em>browser<\/em>.<\/p>\n<p>&#8220;I\u00a0<em>cookie<\/em>\u00a0poi si distinguono in &#8220;di sessione&#8221; e &#8220;persistenti&#8221;, i primi una volta scaricati vengono poi eliminati alla chiusura del Browser, i secondi invece vengono memorizzati sul disco rigido dell&#8217;utente\/visitatore fino alla loro scadenza. I\u00a0<em>cookie<\/em>\u00a0persistenti vengono utilizzati principalmente per facilitare la navigazione del sito, per capire quali sezioni del sito hanno generato un certo numero di pagine e utenti e anche per l&#8217;erogazione dei formati pubblicitari. In relazione ai messaggi pubblicitari Forma Fitness s.s.d.a.r.l., come la maggior parte dei siti concorrenti, utilizza\u00a0<em>cookie<\/em>\u00a0generati da altri siti per erogare i formati pubblicitari. I\u00a0<em>cookie<\/em>\u00a0di sessione invece vengono principalmente utilizzati in fase di autenticazione, autorizzazione e navigazione nei servizi ai quali si accede tramite una registrazione&#8221;.<br \/>\nI cookie possono essere di vario tipo, a seconda della tipologia dati che memorizzano e di quanto tempo restano memorizzati sul dispositivo dell\u2019utente.<\/p>\n<p><strong>I cookie di sessione<\/strong>, o temporanei sono quelli scadono o vengono cancellati alla chiusura del browser, mentre quelli persistenti hanno scadenze pi\u00f9 lunghe (da pochi minuti a mesi interi) a seconda delle funzioni che svolgono. Sono proprio queste funzioni che distinguono i cookie in due categorie: tecnici e non tecnici (o di profilazione).<\/p>\n<p><strong>I cookie tecnici<\/strong>\u00a0gestiscono i dati necessari all\u2019erogazione delle pagine e facilitano la navigazione, permettendo, ad esempio, di non dover reinserire user e password per accedere a particolari servizi, di ricordare l\u2019ultima pagina visitata o fino a che punto si \u00e8 visto un video, di riconoscere il tipo di dispositivo in uso e di adattare le dimensioni delle immagini di conseguenza. I cookie tecnici consentono inoltre di effettuare analisi statistiche aggregate sulle pagine pi\u00f9 visitate e sulle preferenze degli utenti, ma solo in forma anonima, e non vengono utilizzati per analizzare il comportamento o le preferenze dei singoli utenti.<\/p>\n<p><strong>I cookie di profilazione<\/strong>, invece, vengono utilizzati per analizzare gli interessi e le abitudini di navigazione dei singoli utenti, per personalizzarne la navigazione ed erogare, ad esempio, contenuti, anche pubblicitari, mirati a particolari interessi.<br \/>\nI cookie possono essere erogati direttamente dal gestore del sito sul quale si sta navigando (cookie di prima parte) o, nel caso il sito si appoggi a servizi esterni per particolari funzioni, da terzi (cookie di terze parti).<\/p>\n<p>Forma Fitness s.s.d.a.r.l. utilizza sulle sue pagine cookie sia tecnici che non tecnici, anche di terze parti, al fine di migliorare l\u2019esperienza sul proprio sito, adattandolo, ad esempio, a seconda del browser e del dispositivo in uso, selezionando la tipologia dei contenuti visualizzati, o esponendo pubblicit\u00e0 di potenziale interesse per il singolo utente.<br \/>\nLa navigazione sulle pagine di Forma Fitness s.s.d.a.r.l. prevede l\u2019utilizzo di cookie tecnici e non (questi ultimi detti anche \u201cdi profilazione\u201d), di prima e di terza parte, necessari all\u2019erogazione del servizio,\u00a0 utilizzati a fini statistici, di analisi della navigazione e per l\u2019erogazione di servizi e comunicazioni commerciali personalizzate.<\/p>\n<p>Se ti trovi sul sito Forma Fitness s.s.d.a.r.l. e visualizzi il banner informativo dell\u2019esistenza dei cookie, se prosegui\u00a0 la navigazione sul sito,\u00a0 cliccando su qualsiasi elemento del sito o\u00a0 su un\u2019immagine o anche semplicemente scorrendo la pagina o chiudendo il layer informativo cliccando il tasto \u201cX\u201d, dai il consenso all\u2019utilizzo dei cookie di profilazione descritti in questa informativa e implementati nelle pagine del sito Forma Fitness s.s.d.a.r.l..<\/p>\n<p>E\u2019 possibile disabilitare le funzioni dei cookie, sia di prime che di terze parti, direttamente dal browser che si sta utilizzando, secondo le istruzioni\u00a0 fornite dai relativi produttori, o utilizzando degli appositi programmi; tuttavia, Forma Fitness s.s.d.a.r.l. desidera ricordare che la restrizione della capacit\u00e0 dei siti web di inviare i cookie pu\u00f2 peggiorare l\u2019esperienza di navigazione globale degli utenti.<\/p>\n<p>Il consenso alla ricezione dei cookie pu\u00f2 essere espresso anche mediante specifiche configurazioni del browser da parte degli utenti. La maggior parte dei browser permette di impostare regole per gestire i cookie inviati solo da alcuni o da tutti i siti, opzione che offre agli utenti un controllo pi\u00f9 preciso della privacy e di negare la possibilit\u00e0 di ricezione dei cookie stessi, o comunque di modificare le scelte precedentemente effettuate.<\/p>\n<p><strong>Di seguito proponiamo i collegamenti alle istruzioni per i browser pi\u00f9 comuni:<\/strong><\/p>\n<ul>\n<li><a href=\"http:\/\/windows.microsoft.com\/it-it\/windows-vista\/block-or-allow-cookies\" rel=\"external nofollow\">Microsoft Internet Explorer<\/a><\/li>\n<li><a href=\"https:\/\/support.google.com\/chrome\/answer\/95647?hl=it\" rel=\"external nofollow\">Google Chrome<\/a><\/li>\n<li><a href=\"https:\/\/support.apple.com\/it-it\/HT201265\" rel=\"external nofollow\">Apple Safari<\/a><\/li>\n<li><a href=\"https:\/\/support.mozilla.org\/it\/kb\/Bloccare%20i%20cookie\" rel=\"external nofollow\">Mozilla Firefox<\/a><\/li>\n<li><a href=\"http:\/\/www.opera.com\/help\/tutorials\/security\/cookies\/\" rel=\"external nofollow\">Opera<\/a><\/li>\n<\/ul>\n<p><strong>Cookie di terze parti<\/strong><br \/>\nDurante la navigazione sulle pagine del sito, per fini statistici o di profilazione per l\u2019erogazione di pubblicit\u00e0, potrebbero essere rilasciati cookie non tecnici gestiti da terze parti e non direttamente da Forma Fitness s.s.d.a.r.l..<\/p>\n<p>A seguire l\u2019elenco delle terze parti coinvolte con i link alle relative politiche di gestione.<\/p>\n<p>Google Analytics \u2013 Cookie statistici<br \/>\n<a href=\"http:\/\/www.google.com\/policies\/technologies\/cookies\/\" rel=\"external nofollow\">http:\/\/www.google.com\/policies\/technologies\/cookies\/<\/a><br \/>\nFacebook &#8211; Cookie di profilazione<br \/>\n<a href=\"https:\/\/www.facebook.com\/help\/cookies?ref_type=sitefooter\" rel=\"external nofollow\">https:\/\/www.facebook.com\/help\/cookies?ref_type=sitefooter<\/a><br \/>\nTwitter &#8211; Cookie di profilazione<br \/>\n<a href=\"https:\/\/support.twitter.com\/articles\/20170519-uso-dei-cookie-e-di-altre-tecnologie-simili-da-parte-di-twitter\" rel=\"external nofollow\">https:\/\/support.twitter.com\/articles\/20170519-uso-dei-cookie-e-di-altre-tecnologie-simili-da-parte-di-twitter#<\/a><br \/>\nGoogle+ &#8211; Cookie di profilazione<br \/>\n<a href=\"https:\/\/www.google.com\/intl\/it_ALL\/policies\/privacy\/\" rel=\"external nofollow\">https:\/\/www.google.com\/intl\/it_ALL\/policies\/privacy\/<\/a><br \/>\nLinkedin &#8211; Cookie di profilazione<br \/>\n<a href=\"https:\/\/www.linkedin.com\/legal\/cookie-policy\" rel=\"external nofollow\">https:\/\/www.linkedin.com\/legal\/cookie-policy<\/a><br \/>\nPinterest &#8211; Cookie di profilazione<br \/>\n<a href=\"https:\/\/help.pinterest.com\/en\/articles\/personalization-and-data-other-websites\" rel=\"external nofollow\">https:\/\/help.pinterest.com\/en\/articles\/personalization-and-data-other-websites<\/a><\/p>\n<\/div><\/section>\n","protected":false},"excerpt":{"rendered":"","protected":false},"author":1,"featured_media":0,"parent":0,"menu_order":8,"comment_status":"closed","ping_status":"open","template":"","meta":[],"yoast_head":"<!-- This site is optimized with the Yoast SEO plugin v14.0.4 - https:\/\/yoast.com\/wordpress\/plugins\/seo\/ -->\n<title>Privacy Policy - Palextra4.0<\/title>\n<meta name=\"robots\" content=\"index, follow\" \/>\n<meta name=\"googlebot\" content=\"index, follow, max-snippet:-1, max-image-preview:large, max-video-preview:-1\" \/>\n<meta name=\"bingbot\" content=\"index, follow, max-snippet:-1, max-image-preview:large, max-video-preview:-1\" \/>\n<link rel=\"canonical\" href=\"https:\/\/palextrafoggia.com\/iomiallenoacasa\/privacy-policy\/\" \/>\n<meta property=\"og:locale\" content=\"it_IT\" \/>\n<meta property=\"og:type\" content=\"article\" \/>\n<meta property=\"og:title\" content=\"Privacy Policy - Palextra4.0\" \/>\n<meta property=\"og:url\" content=\"https:\/\/palextrafoggia.com\/iomiallenoacasa\/privacy-policy\/\" \/>\n<meta property=\"og:site_name\" content=\"Palextra4.0\" \/>\n<meta property=\"article:publisher\" content=\"https:\/\/www.facebook.com\/palextra.foggia\/\" \/>\n<meta property=\"article:modified_time\" content=\"2020-04-22T13:46:53+00:00\" \/>\n<meta name=\"twitter:card\" content=\"summary_large_image\" \/>\n<meta name=\"twitter:creator\" content=\"@palextrafg\" \/>\n<meta name=\"twitter:site\" content=\"@palextrafg\" \/>\n<script type=\"application\/ld+json\" class=\"yoast-schema-graph\">{\"@context\":\"https:\/\/schema.org\",\"@graph\":[{\"@type\":\"WebSite\",\"@id\":\"https:\/\/palextrafoggia.com\/iomiallenoacasa\/#website\",\"url\":\"https:\/\/palextrafoggia.com\/iomiallenoacasa\/\",\"name\":\"Palextra4.0\",\"description\":\"#iomiallenoacasa\",\"potentialAction\":[{\"@type\":\"SearchAction\",\"target\":\"https:\/\/palextrafoggia.com\/iomiallenoacasa\/?s={search_term_string}\",\"query-input\":\"required name=search_term_string\"}],\"inLanguage\":\"it-IT\"},{\"@type\":\"WebPage\",\"@id\":\"https:\/\/palextrafoggia.com\/iomiallenoacasa\/privacy-policy\/#webpage\",\"url\":\"https:\/\/palextrafoggia.com\/iomiallenoacasa\/privacy-policy\/\",\"name\":\"Privacy Policy - Palextra4.0\",\"isPartOf\":{\"@id\":\"https:\/\/palextrafoggia.com\/iomiallenoacasa\/#website\"},\"datePublished\":\"2020-04-17T08:00:56+00:00\",\"dateModified\":\"2020-04-22T13:46:53+00:00\",\"inLanguage\":\"it-IT\",\"potentialAction\":[{\"@type\":\"ReadAction\",\"target\":[\"https:\/\/palextrafoggia.com\/iomiallenoacasa\/privacy-policy\/\"]}]}]}<\/script>\n<!-- \/ Yoast SEO plugin. -->","_links":{"self":[{"href":"https:\/\/palextrafoggia.com\/iomiallenoacasa\/wp-json\/wp\/v2\/pages\/3"}],"collection":[{"href":"https:\/\/palextrafoggia.com\/iomiallenoacasa\/wp-json\/wp\/v2\/pages"}],"about":[{"href":"https:\/\/palextrafoggia.com\/iomiallenoacasa\/wp-json\/wp\/v2\/types\/page"}],"author":[{"embeddable":true,"href":"https:\/\/palextrafoggia.com\/iomiallenoacasa\/wp-json\/wp\/v2\/users\/1"}],"replies":[{"embeddable":true,"href":"https:\/\/palextrafoggia.com\/iomiallenoacasa\/wp-json\/wp\/v2\/comments?post=3"}],"version-history":[{"count":3,"href":"https:\/\/palextrafoggia.com\/iomiallenoacasa\/wp-json\/wp\/v2\/pages\/3\/revisions"}],"predecessor-version":[{"id":880,"href":"https:\/\/palextrafoggia.com\/iomiallenoacasa\/wp-json\/wp\/v2\/pages\/3\/revisions\/880"}],"wp:attachment":[{"href":"https:\/\/palextrafoggia.com\/iomiallenoacasa\/wp-json\/wp\/v2\/media?parent=3"}],"curies":[{"name":"wp","href":"https:\/\/api.w.org\/{rel}","templated":true}]}}